{"id":296,"date":"2023-10-15T14:12:39","date_gmt":"2023-10-15T12:12:39","guid":{"rendered":"https:\/\/stanca.fr\/?post_type=product&#038;p=296"},"modified":"2023-10-17T14:11:51","modified_gmt":"2023-10-17T12:11:51","slug":"collier","status":"publish","type":"product","link":"https:\/\/stanca.fr\/index.php\/produit\/collier\/","title":{"rendered":"Pres\u00e9ntation"},"content":{"rendered":"<p>[et_pb_section fb_built=&#8221;1&#8243; _builder_version=&#8221;4.22.2&#8243; background_color=&#8221;#FFFFFF&#8221; background_enable_image=&#8221;off&#8221; parallax=&#8221;on&#8221; width=&#8221;100%&#8221; custom_padding=&#8221;0px|0px|||false|false&#8221; global_colors_info=&#8221;{}&#8221;][et_pb_row _builder_version=&#8221;4.22.2&#8243; _module_preset=&#8221;default&#8221; global_colors_info=&#8221;{}&#8221;][et_pb_column type=&#8221;4_4&#8243; _builder_version=&#8221;4.22.2&#8243; _module_preset=&#8221;default&#8221; global_colors_info=&#8221;{}&#8221;][\/et_pb_column][\/et_pb_row][et_pb_row _builder_version=&#8221;4.22.2&#8243; _dynamic_attributes=&#8221;link_option_url&#8221; width=&#8221;100%&#8221; custom_padding=&#8221;0px||||false|false&#8221; link_option_url=&#8221;@ET-DC@eyJkeW5hbWljIjp0cnVlLCJjb250ZW50IjoicG9zdF9saW5rX3VybF9wcm9kdWN0Iiwic2V0dGluZ3MiOnsicG9zdF9pZCI6IjI4NCJ9fQ==@&#8221; global_colors_info=&#8221;{}&#8221;][et_pb_column type=&#8221;4_4&#8243; _builder_version=&#8221;4.22.2&#8243; _module_preset=&#8221;default&#8221; background_color=&#8221;#FFFFFF&#8221; global_colors_info=&#8221;{}&#8221;][et_pb_text _builder_version=&#8221;4.22.2&#8243; _module_preset=&#8221;default&#8221; global_colors_info=&#8221;{}&#8221;][\/et_pb_text][dsm_typing_effect typing_effect=&#8221;Qui somme nous ?&#8221; before_new_line=&#8221;off&#8221; typing_cursor=&#8221; &#8221; _builder_version=&#8221;4.22.2&#8243; _module_preset=&#8221;default&#8221; header_font=&#8221;Poppins|600||on|||||&#8221; header_text_align=&#8221;center&#8221; header_font_size=&#8221;43px&#8221; before_font=&#8221;Poppins|300|||||||&#8221; before_text_color=&#8221;#000000&#8243; custom_margin=&#8221;||-2px|||&#8221; global_colors_info=&#8221;{}&#8221;][\/dsm_typing_effect][\/et_pb_column][\/et_pb_row][et_pb_row column_structure=&#8221;3_5,2_5&#8243; _builder_version=&#8221;4.22.2&#8243; _module_preset=&#8221;default&#8221; global_colors_info=&#8221;{}&#8221;][et_pb_column type=&#8221;3_5&#8243; _builder_version=&#8221;4.22.2&#8243; _module_preset=&#8221;default&#8221; global_colors_info=&#8221;{}&#8221;][et_pb_image src=&#8221;http:\/\/stanca.fr\/wp-content\/uploads\/2023\/10\/jeweler08.jpg&#8221; title_text=&#8221;jeweler08&#8243; _builder_version=&#8221;4.22.2&#8243; _module_preset=&#8221;default&#8221; global_colors_info=&#8221;{}&#8221;][\/et_pb_image][\/et_pb_column][et_pb_column type=&#8221;2_5&#8243; _builder_version=&#8221;4.22.2&#8243; _module_preset=&#8221;default&#8221; global_colors_info=&#8221;{}&#8221;][et_pb_text _builder_version=&#8221;4.22.2&#8243; _module_preset=&#8221;default&#8221; global_colors_info=&#8221;{}&#8221;]<\/p>\n<p>D\u00e9couvrez STANCA, une marque de bijoux unique qui incarne l&#8217;excellence et le savoir-faire familial. Nos mat\u00e9riaux, y compris l&#8217;acier inoxydable, le plaquage ionique et les perles distinctives, sont soigneusement s\u00e9lectionn\u00e9s pour leur qualit\u00e9. Fabriqu\u00e9s \u00e0 la main avec amour en France, nos bijoux sont cr\u00e9\u00e9s avec des perles souffl\u00e9es au chalumeau, ce qui donne des pi\u00e8ces authentiques et uniques. Chaque cr\u00e9ation raconte une histoire captivante, mettant en valeur l&#8217;\u00e9l\u00e9gance et l&#8217;expression artistique. Plongez dans notre univers et laissez-vous s\u00e9duire par la beaut\u00e9 intemporelle de nos designs.<\/p>\n<p>[\/et_pb_text][\/et_pb_column][\/et_pb_row][et_pb_row _builder_version=&#8221;4.22.2&#8243; _module_preset=&#8221;default&#8221; global_colors_info=&#8221;{}&#8221;][et_pb_column type=&#8221;4_4&#8243; _builder_version=&#8221;4.22.2&#8243; _module_preset=&#8221;default&#8221; global_colors_info=&#8221;{}&#8221;][dsm_typing_effect typing_effect=&#8221;Nos mat\u00e9riaux&#8221; before_new_line=&#8221;off&#8221; typing_loop=&#8221;off&#8221; typing_cursor=&#8221; &#8221; _builder_version=&#8221;4.22.2&#8243; _module_preset=&#8221;default&#8221; header_font=&#8221;Poppins|600||on|||||&#8221; header_text_align=&#8221;center&#8221; header_font_size=&#8221;43px&#8221; before_font=&#8221;Poppins|300|||||||&#8221; before_text_color=&#8221;#000000&#8243; custom_margin=&#8221;||-2px|||&#8221; global_colors_info=&#8221;{}&#8221;][\/dsm_typing_effect][\/et_pb_column][\/et_pb_row][et_pb_row _builder_version=&#8221;4.22.2&#8243; _module_preset=&#8221;default&#8221; column_structure=&#8221;1_2,1_2&#8243;][et_pb_column _builder_version=&#8221;4.22.2&#8243; _module_preset=&#8221;default&#8221; type=&#8221;1_2&#8243;][dsm_typing_effect typing_effect=&#8221;l&#8217;acier inoxydable&#8221; before_new_line=&#8221;off&#8221; typing_loop=&#8221;off&#8221; typing_cursor=&#8221; &#8221; _builder_version=&#8221;4.22.2&#8243; _module_preset=&#8221;default&#8221; header_font=&#8221;Poppins|600||on|||||&#8221; header_text_align=&#8221;left&#8221; header_font_size=&#8221;23px&#8221; before_font=&#8221;Poppins|300|||||||&#8221; before_text_color=&#8221;#000000&#8243; custom_margin=&#8221;||-2px|||&#8221; global_colors_info=&#8221;{}&#8221;][\/dsm_typing_effect][et_pb_text _builder_version=&#8221;4.22.2&#8243; _module_preset=&#8221;default&#8221; hover_enabled=&#8221;0&#8243; sticky_enabled=&#8221;0&#8243;]<\/p>\n<p>L&#8217;acier inoxydable est un mat\u00e9riau remarquable pour la cr\u00e9ation de bijoux. Dot\u00e9 de nombreux avantages, il incarne la qualit\u00e9, la solidit\u00e9 et l&#8217;hypoallerg\u00e9nicit\u00e9.<\/p>\n<p>Lorsque vous choisissez des bijoux STANCA faits en acier inoxydable, vous optez pour un mat\u00e9riau qui est \u00e0 la fois durable et r\u00e9sistant. Sa structure solide garantit que votre bijou conservera sa beaut\u00e9 et son \u00e9clat au fil du temps.<\/p>\n<p>De plus, l&#8217;acier inoxydable est hypoallerg\u00e9nique, ce qui signifie qu&#8217;il convient m\u00eame aux peaux les plus sensibles. Que vous ayez des allergies ou non, nos bijoux en acier inoxydable vous offrent une tranquillit\u00e9 d&#8217;esprit totale et vous permettent de profiter de leur splendeur sans souci.<\/p>\n<p>Chez STANCA, nous sommes fiers de s\u00e9lectionner attentivement nos mat\u00e9riaux pour leur qualit\u00e9 exceptionnelle. L&#8217;acier inoxydable que nous utilisons est de la plus haute qualit\u00e9, ce qui garantit la long\u00e9vit\u00e9 et l&#8217;int\u00e9grit\u00e9 de nos bijoux.<\/p>\n<p>Fabriqu\u00e9s \u00e0 la main avec amour en France, nos bijoux en acier inoxydable sont cr\u00e9\u00e9s avec des perles souffl\u00e9es au chalumeau, ajoutant une touche d&#8217;authenticit\u00e9 et d&#8217;unicit\u00e9 \u00e0 chaque pi\u00e8ce. Chaque cr\u00e9ation raconte une histoire captivante, mettant en valeur l&#8217;\u00e9l\u00e9gance et l&#8217;expression artistique.<\/p>\n<p>Plongez dans notre univers et laissez-vous s\u00e9duire par la beaut\u00e9 intemporelle de nos designs en acier inoxydable. Chez STANCA, nous nous engageons \u00e0 vous offrir des bijoux de qualit\u00e9 sup\u00e9rieure qui vous feront briller de confiance et d&#8217;\u00e9l\u00e9gance.<\/p>\n<p>[\/et_pb_text][\/et_pb_column][et_pb_column _builder_version=&#8221;4.22.2&#8243; _module_preset=&#8221;default&#8221; type=&#8221;1_2&#8243;][et_pb_image _builder_version=&#8221;4.22.2&#8243; _module_preset=&#8221;default&#8221; title_text=&#8221;jeweler01&#8243; src=&#8221;http:\/\/stanca.fr\/wp-content\/uploads\/2023\/10\/jeweler01.jpg&#8221; hover_enabled=&#8221;0&#8243; sticky_enabled=&#8221;0&#8243;][\/et_pb_image][\/et_pb_column][\/et_pb_row][et_pb_row _builder_version=&#8221;4.22.2&#8243; _module_preset=&#8221;default&#8221; column_structure=&#8221;1_2,1_2&#8243; disabled_on=&#8221;on|off|off&#8221; hover_enabled=&#8221;0&#8243; sticky_enabled=&#8221;0&#8243;][et_pb_column _builder_version=&#8221;4.22.2&#8243; _module_preset=&#8221;default&#8221; type=&#8221;1_2&#8243;][et_pb_image _builder_version=&#8221;4.22.2&#8243; _module_preset=&#8221;default&#8221; title_text=&#8221;jeweler01&#8243; src=&#8221;http:\/\/stanca.fr\/wp-content\/uploads\/2023\/10\/jeweler01.jpg&#8221; hover_enabled=&#8221;0&#8243; sticky_enabled=&#8221;0&#8243;][\/et_pb_image][\/et_pb_column][et_pb_column _builder_version=&#8221;4.22.2&#8243; _module_preset=&#8221;default&#8221; type=&#8221;1_2&#8243;][dsm_typing_effect typing_effect=&#8221;plaquage ionique&#8221; before_new_line=&#8221;off&#8221; typing_loop=&#8221;off&#8221; typing_cursor=&#8221; &#8221; _builder_version=&#8221;4.22.2&#8243; _module_preset=&#8221;default&#8221; header_font=&#8221;Poppins|600||on|||||&#8221; header_text_align=&#8221;left&#8221; header_font_size=&#8221;23px&#8221; before_font=&#8221;Poppins|300|||||||&#8221; before_text_color=&#8221;#000000&#8243; custom_margin=&#8221;||-2px|||&#8221; global_colors_info=&#8221;{}&#8221;][\/dsm_typing_effect][et_pb_text _builder_version=&#8221;4.22.2&#8243; _module_preset=&#8221;default&#8221; global_colors_info=&#8221;{}&#8221;]<\/p>\n<h1><\/h1>\n<p>La pose de l&#8217;or par ionisation, une m\u00e9thode qui apporte des avantages uniques \u00e0 nos bijoux STANCA. Avec cette technique, nous ajoutons une couche d&#8217;or pur \u00e0 nos bijoux en acier inoxydable, leur donnant un \u00e9clat et une brillance exceptionnels.<\/p>\n<p>L&#8217;ionisation est un processus qui permet de vaporiser de l&#8217;or pur et de le d\u00e9poser sur la surface des bijoux. Cette m\u00e9thode garantit une adh\u00e9rence parfaite de l&#8217;or, assurant ainsi une long\u00e9vit\u00e9 et une qualit\u00e9 sup\u00e9rieures \u00e0 nos cr\u00e9ations. L&#8217;or ionis\u00e9 est \u00e9galement r\u00e9sistant aux rayures et \u00e0 l&#8217;usure quotidienne, pr\u00e9servant ainsi la beaut\u00e9 de votre bijou pendant de nombreuses ann\u00e9es.<\/p>\n<p>En choisissant nos bijoux STANCA avec la pose de l&#8217;or par ionisation, vous b\u00e9n\u00e9ficiez d&#8217;une qualit\u00e9 exceptionnelle alli\u00e9e \u00e0 la beaut\u00e9 intemporelle de l&#8217;or. Cette technique vous permet de profiter de l&#8217;\u00e9l\u00e9gance et du luxe de l&#8217;or sans compromettre la durabilit\u00e9 et la r\u00e9sistance de nos bijoux en acier inoxydable.<\/p>\n<p>&nbsp;<\/p>\n<p>[\/et_pb_text][\/et_pb_column][\/et_pb_row][et_pb_row _builder_version=&#8221;4.22.2&#8243; _module_preset=&#8221;default&#8221; column_structure=&#8221;1_2,1_2&#8243; disabled_on=&#8221;off|on|on&#8221; hover_enabled=&#8221;0&#8243; sticky_enabled=&#8221;0&#8243;][et_pb_column _builder_version=&#8221;4.22.2&#8243; _module_preset=&#8221;default&#8221; type=&#8221;1_2&#8243;][dsm_typing_effect typing_effect=&#8221;plaquage ionique&#8221; before_new_line=&#8221;off&#8221; typing_loop=&#8221;off&#8221; typing_cursor=&#8221; &#8221; _builder_version=&#8221;4.22.2&#8243; _module_preset=&#8221;default&#8221; header_font=&#8221;Poppins|600||on|||||&#8221; header_text_align=&#8221;left&#8221; header_font_size=&#8221;23px&#8221; before_font=&#8221;Poppins|300|||||||&#8221; before_text_color=&#8221;#000000&#8243; custom_margin=&#8221;||-2px|||&#8221; global_colors_info=&#8221;{}&#8221;][\/dsm_typing_effect][et_pb_text _builder_version=&#8221;4.22.2&#8243; _module_preset=&#8221;default&#8221; global_colors_info=&#8221;{}&#8221;]<\/p>\n<h1><\/h1>\n<p>La pose de l&#8217;or par ionisation, une m\u00e9thode qui apporte des avantages uniques \u00e0 nos bijoux STANCA. Avec cette technique, nous ajoutons une couche d&#8217;or pur \u00e0 nos bijoux en acier inoxydable, leur donnant un \u00e9clat et une brillance exceptionnels.<\/p>\n<p>L&#8217;ionisation est un processus qui permet de vaporiser de l&#8217;or pur et de le d\u00e9poser sur la surface des bijoux. Cette m\u00e9thode garantit une adh\u00e9rence parfaite de l&#8217;or, assurant ainsi une long\u00e9vit\u00e9 et une qualit\u00e9 sup\u00e9rieures \u00e0 nos cr\u00e9ations. L&#8217;or ionis\u00e9 est \u00e9galement r\u00e9sistant aux rayures et \u00e0 l&#8217;usure quotidienne, pr\u00e9servant ainsi la beaut\u00e9 de votre bijou pendant de nombreuses ann\u00e9es.<\/p>\n<p>En choisissant nos bijoux STANCA avec la pose de l&#8217;or par ionisation, vous b\u00e9n\u00e9ficiez d&#8217;une qualit\u00e9 exceptionnelle alli\u00e9e \u00e0 la beaut\u00e9 intemporelle de l&#8217;or. Cette technique vous permet de profiter de l&#8217;\u00e9l\u00e9gance et du luxe de l&#8217;or sans compromettre la durabilit\u00e9 et la r\u00e9sistance de nos bijoux en acier inoxydable.<\/p>\n<p>&nbsp;<\/p>\n<p>[\/et_pb_text][\/et_pb_column][et_pb_column _builder_version=&#8221;4.22.2&#8243; _module_preset=&#8221;default&#8221; type=&#8221;1_2&#8243;][et_pb_image _builder_version=&#8221;4.22.2&#8243; _module_preset=&#8221;default&#8221; title_text=&#8221;jeweler01&#8243; src=&#8221;http:\/\/stanca.fr\/wp-content\/uploads\/2023\/10\/jeweler01.jpg&#8221; hover_enabled=&#8221;0&#8243; sticky_enabled=&#8221;0&#8243;][\/et_pb_image][\/et_pb_column][\/et_pb_row][et_pb_row _builder_version=&#8221;4.22.2&#8243; _module_preset=&#8221;default&#8221; column_structure=&#8221;1_2,1_2&#8243;][et_pb_column _builder_version=&#8221;4.22.2&#8243; _module_preset=&#8221;default&#8221; type=&#8221;1_2&#8243;][dsm_typing_effect typing_effect=&#8221;perle de verre&#8221; before_new_line=&#8221;off&#8221; typing_loop=&#8221;off&#8221; typing_cursor=&#8221; &#8221; _builder_version=&#8221;4.22.2&#8243; _module_preset=&#8221;default&#8221; header_font=&#8221;Poppins|600||on|||||&#8221; header_text_align=&#8221;left&#8221; header_font_size=&#8221;23px&#8221; before_font=&#8221;Poppins|300|||||||&#8221; before_text_color=&#8221;#000000&#8243; custom_margin=&#8221;||-2px|||&#8221; global_colors_info=&#8221;{}&#8221;][\/dsm_typing_effect][et_pb_text _builder_version=&#8221;4.22.2&#8243; _module_preset=&#8221;default&#8221; global_colors_info=&#8221;{}&#8221;]D\u00e9couvrez la perle de verre, une pi\u00e8ce d&#8217;art unique qui incarne l&#8217;\u00e9l\u00e9gance intemporelle et l&#8217;expression artistique. Le processus de fabrication de nos perles de verre est un v\u00e9ritable artisanat, r\u00e9alis\u00e9 avec passion et savoir-faire.<\/p>\n<p>Chaque perle de verre est soigneusement souffl\u00e9e au chalumeau, cr\u00e9ant ainsi des pi\u00e8ces authentiques et uniques. Le d\u00e9roul\u00e9 de fabrication commence par la s\u00e9lection des mat\u00e9riaux de la plus haute qualit\u00e9 et se poursuit avec le chauffage du verre jusqu&#8217;\u00e0 sa fusion. Nos artisans talentueux donnent ensuite forme \u00e0 chaque perle avec pr\u00e9cision et cr\u00e9ativit\u00e9, r\u00e9alisant des designs captivants.<\/p>\n<p>La qualit\u00e9 de nos perles de verre est in\u00e9gal\u00e9e. Chaque perle est inspect\u00e9e minutieusement pour garantir une finition parfaite et une r\u00e9sistance exceptionnelle. Les perles de verre STANCA sont non seulement magnifiques, mais elles sont \u00e9galement durables et r\u00e9sistantes \u00e0 l&#8217;usure quotidienne, vous assurant ainsi de profiter de leur beaut\u00e9 pendant de nombreuses ann\u00e9es.<\/p>\n<p>En choisissant nos bijoux STANCA avec des perles de verre, vous optez pour des cr\u00e9ations uniques qui ajoutent une touche d&#8217;authenticit\u00e9 et de sophistication \u00e0 votre style. Chaque perle raconte son histoire, mettant en valeur votre \u00e9l\u00e9gance personnelle et votre go\u00fbt artistique.<\/p>\n<p>Plongez dans notre univers et laissez-vous s\u00e9duire par la beaut\u00e9 intemporelle des perles de verre STANCA. Nous vous invitons \u00e0 d\u00e9couvrir notre collection exceptionnelle de bijoux qui allie qualit\u00e9, originalit\u00e9 et cr\u00e9ativit\u00e9. Faites de chaque jour une occasion sp\u00e9ciale en portant des bijoux uniques qui refl\u00e8tent votre style et votre personnalit\u00e9.<\/p>\n<p>Explorez notre s\u00e9lection de bijoux avec perles de verre d\u00e8s maintenant et laissez-vous emporter par l&#8217;\u00e9l\u00e9gance et la singularit\u00e9 de nos cr\u00e9ations. Faites ressortir votre c\u00f4t\u00e9 artistique et faites briller votre beaut\u00e9 int\u00e9rieure avec nos bijoux STANCA.[\/et_pb_text][\/et_pb_column][et_pb_column _builder_version=&#8221;4.22.2&#8243; _module_preset=&#8221;default&#8221; type=&#8221;1_2&#8243;][et_pb_image _builder_version=&#8221;4.22.2&#8243; _module_preset=&#8221;default&#8221; title_text=&#8221;jeweler01&#8243; src=&#8221;http:\/\/stanca.fr\/wp-content\/uploads\/2023\/10\/jeweler01.jpg&#8221; hover_enabled=&#8221;0&#8243; sticky_enabled=&#8221;0&#8243;][\/et_pb_image][\/et_pb_column][\/et_pb_row][\/et_pb_section]<\/p>\n","protected":false},"excerpt":{"rendered":"<h6>Perle de verre artisanales.<\/h6>\n<h6>Taille ajustable.<\/h6>\n<h6><\/h6>\n","protected":false},"featured_media":0,"template":"","meta":{"_et_pb_use_builder":"on","_et_pb_old_content":"<h6>Collier constitu\u00e9e d'une cha\u00eene en acier dor\u00e9 \u00e0 l'or fin sur lequel se trouvent des petites perles de verre fabriqu\u00e9 selon nos traditions, au chalumeau.<\/h6>\r\n<h6>Acier inoxydable 316L - Placage ionique<\/h6>\r\n<h6>Ce petit bijou est parfait pour apporter de l'\u00e9clat et de la couleur.<\/h6>","_et_gb_content_width":""},"product_brand":[],"product_cat":[16],"product_tag":[],"class_list":{"0":"post-296","1":"product","2":"type-product","3":"status-publish","5":"product_cat-non-classe","7":"first","8":"instock","9":"shipping-taxable","10":"purchasable","11":"product-type-variable","12":"has-default-attributes"},"_links":{"self":[{"href":"https:\/\/stanca.fr\/index.php\/wp-json\/wp\/v2\/product\/296","targetHints":{"allow":["GET"]}}],"collection":[{"href":"https:\/\/stanca.fr\/index.php\/wp-json\/wp\/v2\/product"}],"about":[{"href":"https:\/\/stanca.fr\/index.php\/wp-json\/wp\/v2\/types\/product"}],"wp:attachment":[{"href":"https:\/\/stanca.fr\/index.php\/wp-json\/wp\/v2\/media?parent=296"}],"wp:term":[{"taxonomy":"product_brand","embeddable":true,"href":"https:\/\/stanca.fr\/index.php\/wp-json\/wp\/v2\/product_brand?post=296"},{"taxonomy":"product_cat","embeddable":true,"href":"https:\/\/stanca.fr\/index.php\/wp-json\/wp\/v2\/product_cat?post=296"},{"taxonomy":"product_tag","embeddable":true,"href":"https:\/\/stanca.fr\/index.php\/wp-json\/wp\/v2\/product_tag?post=296"}],"curies":[{"name":"wp","href":"https:\/\/api.w.org\/{rel}","templated":true}]}}